{"id":56,"date":"2016-03-18T01:09:22","date_gmt":"2016-03-18T00:09:22","guid":{"rendered":"http:\/\/192.168.1.23\/mitWob\/?page_id=56"},"modified":"2016-03-18T01:14:26","modified_gmt":"2016-03-18T00:14:26","slug":"mitglied-werden","status":"publish","type":"page","link":"https:\/\/www.mit-wolfsburg.de\/?page_id=56","title":{"rendered":"Mitglied werden"},"content":{"rendered":"<p><strong>MIT:MACHEN HEISST MIT:ENTSCHEIDEN<\/strong><\/p>\n<p>Bringen Sie Ihre eigene Lebenserfahrung in politische Debatten ein! Entwickeln Sie mit uns die Rahmenbedingungen f\u00fcr Unternehmen und B\u00fcrger nach den Grunds\u00e4tzen der Sozialen Marktwirtschaft! Transportieren Sie Ihre Meinung von der Orts- und Kreisebene bis hinauf in die Landtage, den Bundestag und das Europ\u00e4ischen Parlament. Profitieren Sie von der St\u00e4rke unserer Vereinigung, den zahlreichen Events und dem unternehmerischen MIT-Netzwerk. JETZT MIT:MACHEN!<\/p>\n<p>Bereit?<\/p>\n<p>Dann fahren Sie bitte hier fort: <a href=\"http:\/\/www.mit-bund.de\/mitgliedschaft\" target=\"_blank\">http:\/\/www.mit-bund.de\/mitgliedschaft<\/a><\/p>\n","protected":false},"excerpt":{"rendered":"<p>MIT:MACHEN HEISST MIT:ENTSCHEIDEN Bringen Sie Ihre eigene Lebenserfahrung in politische Debatten ein! Entwickeln Sie mit uns die Rahmenbedingungen f\u00fcr Unternehmen und B\u00fcrger nach den Grunds\u00e4tzen der Sozialen Marktwirtschaft! Transportieren Sie Ihre Meinung von der Orts- und Kreisebene bis hinauf in die Landtage, den Bundestag und das Europ\u00e4ischen Parlament. Profitieren Sie von der St\u00e4rke unserer Vereinigung, [&hellip;]<\/p>\n","protected":false},"author":1,"featured_media":0,"parent":0,"menu_order":0,"comment_status":"closed","ping_status":"closed","template":"","meta":{"footnotes":""},"class_list":["post-56","page","type-page","status-publish","hentry"],"_links":{"self":[{"href":"https:\/\/www.mit-wolfsburg.de\/index.php?rest_route=\/wp\/v2\/pages\/56","targetHints":{"allow":["GET"]}}],"collection":[{"href":"https:\/\/www.mit-wolfsburg.de\/index.php?rest_route=\/wp\/v2\/pages"}],"about":[{"href":"https:\/\/www.mit-wolfsburg.de\/index.php?rest_route=\/wp\/v2\/types\/page"}],"author":[{"embeddable":true,"href":"https:\/\/www.mit-wolfsburg.de\/index.php?rest_route=\/wp\/v2\/users\/1"}],"replies":[{"embeddable":true,"href":"https:\/\/www.mit-wolfsburg.de\/index.php?rest_route=%2Fwp%2Fv2%2Fcomments&post=56"}],"version-history":[{"count":2,"href":"https:\/\/www.mit-wolfsburg.de\/index.php?rest_route=\/wp\/v2\/pages\/56\/revisions"}],"predecessor-version":[{"id":58,"href":"https:\/\/www.mit-wolfsburg.de\/index.php?rest_route=\/wp\/v2\/pages\/56\/revisions\/58"}],"wp:attachment":[{"href":"https:\/\/www.mit-wolfsburg.de\/index.php?rest_route=%2Fwp%2Fv2%2Fmedia&parent=56"}],"curies":[{"name":"wp","href":"https:\/\/api.w.org\/{rel}","templated":true}]}}