{"id":254,"date":"2016-04-19T01:08:07","date_gmt":"2016-04-18T23:08:07","guid":{"rendered":"http:\/\/www.mit-wolfsburg.de\/?page_id=254"},"modified":"2022-12-29T10:10:34","modified_gmt":"2022-12-29T09:10:34","slug":"spenden","status":"publish","type":"page","link":"https:\/\/www.mit-wolfsburg.de\/?page_id=254","title":{"rendered":"Spenden"},"content":{"rendered":"<p><strong>Ihr Beitrag z\u00e4hlt: Unterst\u00fctzen Sie die Arbeit der MIT<\/strong><\/p>\n<p>Bitte unterst\u00fctzen Sie die politische Arbeit der Mittelstands- und Wirtschaftsvereinigung der CDU in Wolfsburg mit Ihrer Online-Spende!<\/p>\n<p>Mit Ihrem Beitrag helfen Sie uns, damit die MIT sich weiterhin engagiert f\u00fcr mehr Unternehmergeist in der Politik einsetzen und somit f\u00fcr gute wirtschaftspolitische Rahmenbedingungen sorgen kann.<\/p>\n<p>Ihre Spende tr\u00e4gt dazu bei, Projekte und Kampagnen der MIT zu finanzieren, die wir uns sonst nicht oder nicht in diesem Ma\u00dfe leisten k\u00f6nnten. <strong>Auch kleine Summen leisten dazu einen wichtigen Beitrag.<\/strong><\/p>\n<p>\u00dcbrigens: Offenheit und Transparenz sind f\u00fcr uns ma\u00dfgeblich. Jeder Spender erh\u00e4lt eine Spendenbescheinigung zugesandt.<\/p>\n<p>Vielen Dank f\u00fcr Ihre Unterst\u00fctzung.<img loading=\"lazy\" decoding=\"async\" src=\"https:\/\/www.paypalobjects.com\/de_DE\/i\/scr\/pixel.gif\" alt=\"\" width=\"1\" height=\"1\" border=\"0\" \/><\/p>\n","protected":false},"excerpt":{"rendered":"<p>Ihr Beitrag z\u00e4hlt: Unterst\u00fctzen Sie die Arbeit der MIT Bitte unterst\u00fctzen Sie die politische Arbeit der Mittelstands- und Wirtschaftsvereinigung der CDU in Wolfsburg mit Ihrer Online-Spende! Mit Ihrem Beitrag helfen Sie uns, damit die MIT sich weiterhin engagiert f\u00fcr mehr Unternehmergeist in der Politik einsetzen und somit f\u00fcr gute wirtschaftspolitische Rahmenbedingungen sorgen kann. Ihre Spende [&hellip;]<\/p>\n","protected":false},"author":1,"featured_media":0,"parent":0,"menu_order":0,"comment_status":"closed","ping_status":"closed","template":"","meta":{"footnotes":""},"class_list":["post-254","page","type-page","status-publish","hentry"],"_links":{"self":[{"href":"https:\/\/www.mit-wolfsburg.de\/index.php?rest_route=\/wp\/v2\/pages\/254","targetHints":{"allow":["GET"]}}],"collection":[{"href":"https:\/\/www.mit-wolfsburg.de\/index.php?rest_route=\/wp\/v2\/pages"}],"about":[{"href":"https:\/\/www.mit-wolfsburg.de\/index.php?rest_route=\/wp\/v2\/types\/page"}],"author":[{"embeddable":true,"href":"https:\/\/www.mit-wolfsburg.de\/index.php?rest_route=\/wp\/v2\/users\/1"}],"replies":[{"embeddable":true,"href":"https:\/\/www.mit-wolfsburg.de\/index.php?rest_route=%2Fwp%2Fv2%2Fcomments&post=254"}],"version-history":[{"count":7,"href":"https:\/\/www.mit-wolfsburg.de\/index.php?rest_route=\/wp\/v2\/pages\/254\/revisions"}],"predecessor-version":[{"id":956,"href":"https:\/\/www.mit-wolfsburg.de\/index.php?rest_route=\/wp\/v2\/pages\/254\/revisions\/956"}],"wp:attachment":[{"href":"https:\/\/www.mit-wolfsburg.de\/index.php?rest_route=%2Fwp%2Fv2%2Fmedia&parent=254"}],"curies":[{"name":"wp","href":"https:\/\/api.w.org\/{rel}","templated":true}]}}