{"id":226,"date":"2016-04-18T10:56:01","date_gmt":"2016-04-18T08:56:01","guid":{"rendered":"http:\/\/www.mit-wolfsburg.de\/?page_id=226"},"modified":"2016-04-18T12:01:31","modified_gmt":"2016-04-18T10:01:31","slug":"freunde-der-mit","status":"publish","type":"page","link":"https:\/\/www.mit-wolfsburg.de\/?page_id=226","title":{"rendered":"Freunde der MIT"},"content":{"rendered":"<p>F\u00fcr alle die sich bei einer Mitgliedschaft noch unsicher sind oder erstmal reinschnuppern wollen, bietet die MIT:Wolfsburg die M\u00f6glichkeit sich im Freundeskreis registrieren zu lassen.<\/p>\n<p><a href=\"http:\/\/www.mit-wolfsburg.de\/?page_id=51\">Hier und jetzt Registrieren! <span class=\"genericon genericon-link\"><\/span><\/a><\/p>\n<p>Vorteile f\u00fcr Sie:<\/p>\n<ul>\n<li>Sie werden zu allen Veranstaltungen der MIT in Wolfsburg per Email eingeladen.<\/li>\n<li>Sie k\u00f6nnen sich auf interessante Gesp\u00e4che mit Gleichgesinnten freuen.<\/li>\n<li>Keine Mitgliedsbeitr\u00e4ge.<\/li>\n<li>Kontaktpflege zu bedeutenden Pers\u00f6nlichkeiten aus Politik und Gesellschaft.<\/li>\n<li>Netzwerke erweitern.<\/li>\n<li>Sich mit eigenen Ideen und Vorschl\u00e4gen einbringen.<\/li>\n<\/ul>\n<p>\u00dcber die Aufnahme in die Liste der Freunde entscheidet der Vorstand der MIT:Wolfsburg. Mitglieder im Freundeskreis sind nicht stimmberechtigt.<\/p>\n<p>&nbsp;<\/p>\n<p>&nbsp;<\/p>\n<p>&nbsp;<\/p>\n","protected":false},"excerpt":{"rendered":"<p>F\u00fcr alle die sich bei einer Mitgliedschaft noch unsicher sind oder erstmal reinschnuppern wollen, bietet die MIT:Wolfsburg die M\u00f6glichkeit sich im Freundeskreis registrieren zu lassen. Hier und jetzt Registrieren! Vorteile f\u00fcr Sie: Sie werden zu allen Veranstaltungen der MIT in Wolfsburg per Email eingeladen. Sie k\u00f6nnen sich auf interessante Gesp\u00e4che mit Gleichgesinnten freuen. Keine Mitgliedsbeitr\u00e4ge. [&hellip;]<\/p>\n","protected":false},"author":1,"featured_media":0,"parent":0,"menu_order":0,"comment_status":"closed","ping_status":"closed","template":"","meta":{"footnotes":""},"class_list":["post-226","page","type-page","status-publish","hentry"],"_links":{"self":[{"href":"https:\/\/www.mit-wolfsburg.de\/index.php?rest_route=\/wp\/v2\/pages\/226","targetHints":{"allow":["GET"]}}],"collection":[{"href":"https:\/\/www.mit-wolfsburg.de\/index.php?rest_route=\/wp\/v2\/pages"}],"about":[{"href":"https:\/\/www.mit-wolfsburg.de\/index.php?rest_route=\/wp\/v2\/types\/page"}],"author":[{"embeddable":true,"href":"https:\/\/www.mit-wolfsburg.de\/index.php?rest_route=\/wp\/v2\/users\/1"}],"replies":[{"embeddable":true,"href":"https:\/\/www.mit-wolfsburg.de\/index.php?rest_route=%2Fwp%2Fv2%2Fcomments&post=226"}],"version-history":[{"count":4,"href":"https:\/\/www.mit-wolfsburg.de\/index.php?rest_route=\/wp\/v2\/pages\/226\/revisions"}],"predecessor-version":[{"id":233,"href":"https:\/\/www.mit-wolfsburg.de\/index.php?rest_route=\/wp\/v2\/pages\/226\/revisions\/233"}],"wp:attachment":[{"href":"https:\/\/www.mit-wolfsburg.de\/index.php?rest_route=%2Fwp%2Fv2%2Fmedia&parent=226"}],"curies":[{"name":"wp","href":"https:\/\/api.w.org\/{rel}","templated":true}]}}