{"id":119,"date":"2016-03-18T22:40:35","date_gmt":"2016-03-18T21:40:35","guid":{"rendered":"http:\/\/192.168.1.23\/mitWob\/?page_id=119"},"modified":"2017-10-19T02:04:08","modified_gmt":"2017-10-19T00:04:08","slug":"veranstaltungen","status":"publish","type":"page","link":"https:\/\/www.mit-wolfsburg.de\/?page_id=119","title":{"rendered":"Veranstaltungen"},"content":{"rendered":"<p><strong>Die MIT veranstaltet regelm\u00e4\u00dfig folgende Events:<\/strong><\/p>\n<ul>\n<li>Unternehmertour<\/li>\n<li>Tag der offenen T\u00fcr<\/li>\n<li>Infost\u00e4nde<\/li>\n<li>Streitgespr\u00e4ch<\/li>\n<li>Kulturelle Veranstaltung<\/li>\n<li>Diskussionsveranstaltung<\/li>\n<li>Unternehmerfr\u00fchst\u00fcck<\/li>\n<li>Verleihung eines Mittelstandspreises<\/li>\n<li>Traditionelles Essen<\/li>\n<li>Kaminabend<\/li>\n<li>Fachtagung<\/li>\n<li>Expertengespr\u00e4ch<\/li>\n<li>Mittagstreff<\/li>\n<\/ul>\n<p>Falls Sie uns unterst\u00fctzen wollen, w\u00fcrden wir ein solches Event auch in ihrer Firma\/Organisation veranstalten.<\/p>\n<p>Pr\u00e4sentieren Sie sich und ihr Unternehmen gegen\u00fcber Gleichgesinnten. Diskutieren Sie mit uns &#8211; interessante Gespr\u00e4che erwarten uns.<\/p>\n","protected":false},"excerpt":{"rendered":"<p>Die MIT veranstaltet regelm\u00e4\u00dfig folgende Events: Unternehmertour Tag der offenen T\u00fcr Infost\u00e4nde Streitgespr\u00e4ch Kulturelle Veranstaltung Diskussionsveranstaltung Unternehmerfr\u00fchst\u00fcck Verleihung eines Mittelstandspreises Traditionelles Essen Kaminabend Fachtagung Expertengespr\u00e4ch Mittagstreff Falls Sie uns unterst\u00fctzen wollen, w\u00fcrden wir ein solches Event auch in ihrer Firma\/Organisation veranstalten. Pr\u00e4sentieren Sie sich und ihr Unternehmen gegen\u00fcber Gleichgesinnten. Diskutieren Sie mit uns &#8211; interessante [&hellip;]<\/p>\n","protected":false},"author":1,"featured_media":43,"parent":0,"menu_order":0,"comment_status":"closed","ping_status":"closed","template":"","meta":{"footnotes":""},"class_list":["post-119","page","type-page","status-publish","has-post-thumbnail","hentry"],"_links":{"self":[{"href":"https:\/\/www.mit-wolfsburg.de\/index.php?rest_route=\/wp\/v2\/pages\/119","targetHints":{"allow":["GET"]}}],"collection":[{"href":"https:\/\/www.mit-wolfsburg.de\/index.php?rest_route=\/wp\/v2\/pages"}],"about":[{"href":"https:\/\/www.mit-wolfsburg.de\/index.php?rest_route=\/wp\/v2\/types\/page"}],"author":[{"embeddable":true,"href":"https:\/\/www.mit-wolfsburg.de\/index.php?rest_route=\/wp\/v2\/users\/1"}],"replies":[{"embeddable":true,"href":"https:\/\/www.mit-wolfsburg.de\/index.php?rest_route=%2Fwp%2Fv2%2Fcomments&post=119"}],"version-history":[{"count":2,"href":"https:\/\/www.mit-wolfsburg.de\/index.php?rest_route=\/wp\/v2\/pages\/119\/revisions"}],"predecessor-version":[{"id":599,"href":"https:\/\/www.mit-wolfsburg.de\/index.php?rest_route=\/wp\/v2\/pages\/119\/revisions\/599"}],"wp:featuredmedia":[{"embeddable":true,"href":"https:\/\/www.mit-wolfsburg.de\/index.php?rest_route=\/wp\/v2\/media\/43"}],"wp:attachment":[{"href":"https:\/\/www.mit-wolfsburg.de\/index.php?rest_route=%2Fwp%2Fv2%2Fmedia&parent=119"}],"curies":[{"name":"wp","href":"https:\/\/api.w.org\/{rel}","templated":true}]}}